{"id":18,"date":"2022-07-23T15:51:41","date_gmt":"2022-07-23T13:51:41","guid":{"rendered":"http:\/\/plumesdanges.fr\/?page_id=18"},"modified":"2022-09-29T19:12:58","modified_gmt":"2022-09-29T17:12:58","slug":"qui-suis-je","status":"publish","type":"page","link":"https:\/\/plumesdanges.fr\/index.php\/qui-suis-je\/","title":{"rendered":"Qui suis-je?"},"content":{"rendered":"\t\t<div data-elementor-type=\"wp-page\" data-elementor-id=\"18\" class=\"elementor elementor-18\">\n\t\t\t\t\t\t\t\t\t<section class=\"elementor-section elementor-top-section elementor-element elementor-element-7be7898 elementor-section-boxed elementor-section-height-default elementor-section-height-default\" data-id=\"7be7898\" data-element_type=\"section\">\n\t\t\t\t\t\t<div class=\"elementor-container elementor-column-gap-default\">\n\t\t\t\t\t<div class=\"elementor-column elementor-col-50 elementor-top-column elementor-element elementor-element-18456e4\" data-id=\"18456e4\" data-element_type=\"column\">\n\t\t\t<div class=\"elementor-widget-wrap elementor-element-populated\">\n\t\t\t\t\t\t\t\t<div class=\"elementor-element elementor-element-54ba567 elementor-invisible elementor-widget elementor-widget-text-editor\" data-id=\"54ba567\" data-element_type=\"widget\" data-settings=\"{&quot;_animation&quot;:&quot;slideInRight&quot;}\" data-widget_type=\"text-editor.default\">\n\t\t\t\t<div class=\"elementor-widget-container\">\n\t\t\t<style>\/*! elementor - v3.7.7 - 20-09-2022 *\/\n.elementor-widget-text-editor.elementor-drop-cap-view-stacked .elementor-drop-cap{background-color:#818a91;color:#fff}.elementor-widget-text-editor.elementor-drop-cap-view-framed .elementor-drop-cap{color:#818a91;border:3px solid;background-color:transparent}.elementor-widget-text-editor:not(.elementor-drop-cap-view-default) .elementor-drop-cap{margin-top:8px}.elementor-widget-text-editor:not(.elementor-drop-cap-view-default) .elementor-drop-cap-letter{width:1em;height:1em}.elementor-widget-text-editor .elementor-drop-cap{float:left;text-align:center;line-height:1;font-size:50px}.elementor-widget-text-editor .elementor-drop-cap-letter{display:inline-block}<\/style>\t\t\t\t<p class=\"font_7\"><span class=\"color_19\">Je m&#8217;appelle Elise je ne suis pas une artiste mais une personne qui a une passion dans la vie,la cr\u00e9ativit\u00e9 en utilisant des moyens simples et ludiques. <br><\/span><span class=\"color_19\">Cela me procure un bien-\u00eatre int\u00e9rieur et me lib\u00e8re de toutes les \u00e9motions qui sont enfouies au plus profond de moi.<\/span><\/p>\n<p class=\"font_7\"><span class=\"color_19\">Peu importe le r\u00e9sultat final c&#8217;est de l&#8217;art et surtout<\/span><span class=\"color_19\">&nbsp;<\/span>&#8220;c&#8217;est moi qui l&#8217;ai fait&#8221;.<\/p>\n<p class=\"font_7\"><span class=\"color_19\">J&#8217;aime la nature, la simplicit\u00e9, la libert\u00e9 d&#8217;expression, la mati\u00e8re, le partage, la famille, les ami(e)s&#8230;en un mot la vie. <\/span><span class=\"color_19\">Je suis une personne sensible, bienveillante, curieuse, pers\u00e9v\u00e9rante, et bien s\u00fbr cr\u00e9ative.<br><\/span><span class=\"color_19\">A travers les ateliers cr\u00e9atifs mes objectifs permettent de se d\u00e9couvrir, de vivre des sensations uniques, prendre confiance en soi, d\u00e9velopper son imagination, sa cr\u00e9ativit\u00e9, s&#8217;\u00e9panouir.<br><\/span><span class=\"color_19\">Mais pas seulement ! <\/span><span class=\"color_19\">j&#8217;ai la conviction que la cr\u00e9ativit\u00e9 a un pouvoir beaucoup plus puissant pour notre bien-\u00eatre.&nbsp;<\/span><span class=\"color_19\">C&#8217;est un outil essentiel qui nous aide \u00e0 entrer en contact avec sa vie int\u00e9rieur son&nbsp;<\/span>coeur&nbsp;<span class=\"color_19\">celui qui ne juge pas, et celui qui sait. Elle r\u00e9veille \u00e0 coup s\u00fbr notre c\u00f4t\u00e9 cr\u00e9atif qui sommeille en nous \u00e0 l&#8217;\u00e2ge adulte.<\/span><span class=\"color_19\"><span class=\"wixGuard\"><\/span><\/span><\/p>\n<p class=\"font_7\">\n<\/p>\t\t\t\t\t\t<\/div>\n\t\t\t\t<\/div>\n\t\t\t\t\t<\/div>\n\t\t<\/div>\n\t\t\t\t<div class=\"elementor-column elementor-col-50 elementor-top-column elementor-element elementor-element-c65d1c6\" data-id=\"c65d1c6\" data-element_type=\"column\">\n\t\t\t<div class=\"elementor-widget-wrap elementor-element-populated\">\n\t\t\t\t\t\t\t\t<div class=\"elementor-element elementor-element-5089e20 elementor-invisible elementor-widget elementor-widget-image\" data-id=\"5089e20\" data-element_type=\"widget\" data-settings=\"{&quot;_animation&quot;:&quot;slideInLeft&quot;}\" data-widget_type=\"image.default\">\n\t\t\t\t<div class=\"elementor-widget-container\">\n\t\t\t<style>\/*! elementor - v3.7.7 - 20-09-2022 *\/\n.elementor-widget-image{text-align:center}.elementor-widget-image a{display:inline-block}.elementor-widget-image a img[src$=\".svg\"]{width:48px}.elementor-widget-image img{vertical-align:middle;display:inline-block}<\/style>\t\t\t\t\t\t\t\t\t\t\t\t<img loading=\"lazy\" decoding=\"async\" width=\"535\" height=\"518\" src=\"https:\/\/plumesdanges.fr\/wp-content\/uploads\/2022\/07\/elise.webp\" class=\"attachment-large size-large\" alt=\"\" srcset=\"https:\/\/plumesdanges.fr\/wp-content\/uploads\/2022\/07\/elise.webp 535w, https:\/\/plumesdanges.fr\/wp-content\/uploads\/2022\/07\/elise-300x290.webp 300w\" sizes=\"auto, (max-width: 535px) 100vw, 535px\" \/>\t\t\t\t\t\t\t\t\t\t\t\t\t\t\t<\/div>\n\t\t\t\t<\/div>\n\t\t\t\t\t<\/div>\n\t\t<\/div>\n\t\t\t\t\t\t\t<\/div>\n\t\t<\/section>\n\t\t\t\t<section class=\"elementor-section elementor-top-section elementor-element elementor-element-c97f2b8 elementor-section-boxed elementor-section-height-default elementor-section-height-default\" data-id=\"c97f2b8\" data-element_type=\"section\">\n\t\t\t\t\t\t<div class=\"elementor-container elementor-column-gap-default\">\n\t\t\t\t\t<div class=\"elementor-column elementor-col-50 elementor-top-column elementor-element elementor-element-287e9dd\" data-id=\"287e9dd\" data-element_type=\"column\">\n\t\t\t<div class=\"elementor-widget-wrap elementor-element-populated\">\n\t\t\t\t\t\t\t\t<div class=\"elementor-element elementor-element-201000c elementor-invisible elementor-widget elementor-widget-image\" data-id=\"201000c\" data-element_type=\"widget\" data-settings=\"{&quot;_animation&quot;:&quot;slideInLeft&quot;}\" data-widget_type=\"image.default\">\n\t\t\t\t<div class=\"elementor-widget-container\">\n\t\t\t\t\t\t\t\t\t\t\t\t\t\t\t<img loading=\"lazy\" decoding=\"async\" width=\"535\" height=\"518\" src=\"https:\/\/plumesdanges.fr\/wp-content\/uploads\/2022\/07\/elise.webp\" class=\"attachment-large size-large\" alt=\"\" srcset=\"https:\/\/plumesdanges.fr\/wp-content\/uploads\/2022\/07\/elise.webp 535w, https:\/\/plumesdanges.fr\/wp-content\/uploads\/2022\/07\/elise-300x290.webp 300w\" sizes=\"auto, (max-width: 535px) 100vw, 535px\" \/>\t\t\t\t\t\t\t\t\t\t\t\t\t\t\t<\/div>\n\t\t\t\t<\/div>\n\t\t\t\t\t<\/div>\n\t\t<\/div>\n\t\t\t\t<div class=\"elementor-column elementor-col-50 elementor-top-column elementor-element elementor-element-62b4a7b\" data-id=\"62b4a7b\" data-element_type=\"column\">\n\t\t\t<div class=\"elementor-widget-wrap elementor-element-populated\">\n\t\t\t\t\t\t\t\t<div class=\"elementor-element elementor-element-ecfd69e elementor-widget elementor-widget-text-editor\" data-id=\"ecfd69e\" data-element_type=\"widget\" data-widget_type=\"text-editor.default\">\n\t\t\t\t<div class=\"elementor-widget-container\">\n\t\t\t\t\t\t\t<p class=\"font_7\"><span class=\"color_19\">Les ateliers permettent de lib\u00e9rer ses \u00e9motions \u00e0 l&#8217;instant pr\u00e9sent sans jugement. <\/span><span class=\"color_19\">De l\u00e2cher prise \u00e0 notre quotidien, de nourrir nos intuitions et surtout de faire taire son critique int\u00e9rieur, cette petite voix qui porte des jugements n\u00e9gatifs sur ce que nous disons et faisons (je le remarque m\u00eame chez certains enfants)pour pouvoir se connecter \u00e0 soi-m\u00eame son <\/span>&#8220;coeur&#8221;<span class=\"color_19\">.<\/span><\/p><p class=\"font_7\"><span class=\"color_19\">\u00a0Pouvoir sortir de sa zone de confort c&#8217;est laisser passer la lumi\u00e8re pour y voir plus clair et trouver son chemin qui m\u00e8ne \u00e0 ses envies ,ses r\u00eaves m\u00eame les plus fous.Cela peut para\u00eetre impossible mais la cr\u00e9ativit\u00e9 laisse passer des messages auxquels nous n&#8217;aurions pas pens\u00e9,voir m\u00eame parfois trouver des r\u00e9ponses \u00e0 nos questions.<\/span><\/p>\t\t\t\t\t\t<\/div>\n\t\t\t\t<\/div>\n\t\t\t\t\t<\/div>\n\t\t<\/div>\n\t\t\t\t\t\t\t<\/div>\n\t\t<\/section>\n\t\t\t\t<section class=\"elementor-section elementor-top-section elementor-element elementor-element-cc198f5 elementor-section-boxed elementor-section-height-default elementor-section-height-default\" data-id=\"cc198f5\" data-element_type=\"section\">\n\t\t\t\t\t\t<div class=\"elementor-container elementor-column-gap-default\">\n\t\t\t\t\t<div class=\"elementor-column elementor-col-50 elementor-top-column elementor-element elementor-element-2652f5d\" data-id=\"2652f5d\" data-element_type=\"column\">\n\t\t\t<div class=\"elementor-widget-wrap\">\n\t\t\t\t\t\t\t\t\t<\/div>\n\t\t<\/div>\n\t\t\t\t<div class=\"elementor-column elementor-col-50 elementor-top-column elementor-element elementor-element-860923f\" data-id=\"860923f\" data-element_type=\"column\">\n\t\t\t<div class=\"elementor-widget-wrap\">\n\t\t\t\t\t\t\t\t\t<\/div>\n\t\t<\/div>\n\t\t\t\t\t\t\t<\/div>\n\t\t<\/section>\n\t\t\t\t\t\t\t<\/div>\n\t\t","protected":false},"excerpt":{"rendered":"<p>Je m&#8217;appelle Elise je ne suis pas une artiste mais une personne qui a une passion dans la vie,la cr\u00e9ativit\u00e9 en utilisant des moyens simples et ludiques. Cela me procure un bien-\u00eatre int\u00e9rieur et me lib\u00e8re de toutes les \u00e9motions qui sont enfouies au plus profond de moi. Peu importe le r\u00e9sultat final c&#8217;est de l&#8217;art et surtout&nbsp;&#8220;c&#8217;est moi qui l&#8217;ai fait&#8221;. J&#8217;aime la nature, la simplicit\u00e9, la libert\u00e9 d&#8217;expression, la mati\u00e8re, le partage, la famille, les ami(e)s&#8230;en un mot la vie. Je suis une personne sensible, bienveillante, curieuse, pers\u00e9v\u00e9rante, et bien s\u00fbr cr\u00e9ative.A travers les ateliers cr\u00e9atifs mes objectifs\u2026<\/p>\n","protected":false},"author":1,"featured_media":0,"parent":0,"menu_order":0,"comment_status":"closed","ping_status":"closed","template":"","meta":{"footnotes":""},"class_list":["post-18","page","type-page","status-publish","hentry"],"blocksy_meta":{"styles_descriptor":{"styles":{"desktop":"","tablet":"","mobile":""},"google_fonts":[],"version":5}},"_links":{"self":[{"href":"https:\/\/plumesdanges.fr\/index.php\/wp-json\/wp\/v2\/pages\/18","targetHints":{"allow":["GET"]}}],"collection":[{"href":"https:\/\/plumesdanges.fr\/index.php\/wp-json\/wp\/v2\/pages"}],"about":[{"href":"https:\/\/plumesdanges.fr\/index.php\/wp-json\/wp\/v2\/types\/page"}],"author":[{"embeddable":true,"href":"https:\/\/plumesdanges.fr\/index.php\/wp-json\/wp\/v2\/users\/1"}],"replies":[{"embeddable":true,"href":"https:\/\/plumesdanges.fr\/index.php\/wp-json\/wp\/v2\/comments?post=18"}],"version-history":[{"count":13,"href":"https:\/\/plumesdanges.fr\/index.php\/wp-json\/wp\/v2\/pages\/18\/revisions"}],"predecessor-version":[{"id":100,"href":"https:\/\/plumesdanges.fr\/index.php\/wp-json\/wp\/v2\/pages\/18\/revisions\/100"}],"wp:attachment":[{"href":"https:\/\/plumesdanges.fr\/index.php\/wp-json\/wp\/v2\/media?parent=18"}],"curies":[{"name":"wp","href":"https:\/\/api.w.org\/{rel}","templated":true}]}}