{"id":34,"date":"2022-09-29T15:18:38","date_gmt":"2022-09-29T13:18:38","guid":{"rendered":"http:\/\/plumesdanges.fr\/?page_id=34"},"modified":"2022-09-29T19:01:36","modified_gmt":"2022-09-29T17:01:36","slug":"au-coeur-de-soi","status":"publish","type":"page","link":"https:\/\/plumesdanges.fr\/index.php\/au-coeur-de-soi\/","title":{"rendered":"Au c\u0153ur de soi"},"content":{"rendered":"\t\t<div data-elementor-type=\"wp-page\" data-elementor-id=\"34\" class=\"elementor elementor-34\">\n\t\t\t\t\t\t\t\t\t<section class=\"elementor-section elementor-top-section elementor-element elementor-element-ad714db elementor-section-boxed elementor-section-height-default elementor-section-height-default\" data-id=\"ad714db\" data-element_type=\"section\">\n\t\t\t\t\t\t<div class=\"elementor-container elementor-column-gap-default\">\n\t\t\t\t\t<div class=\"elementor-column elementor-col-100 elementor-top-column elementor-element elementor-element-9e45603\" data-id=\"9e45603\" data-element_type=\"column\">\n\t\t\t<div class=\"elementor-widget-wrap\">\n\t\t\t\t\t\t\t\t\t<\/div>\n\t\t<\/div>\n\t\t\t\t\t\t\t<\/div>\n\t\t<\/section>\n\t\t\t\t<section class=\"elementor-section elementor-top-section elementor-element elementor-element-f458fad elementor-section-boxed elementor-section-height-default elementor-section-height-default\" data-id=\"f458fad\" data-element_type=\"section\">\n\t\t\t\t\t\t<div class=\"elementor-container elementor-column-gap-default\">\n\t\t\t\t\t<div class=\"elementor-column elementor-col-50 elementor-top-column elementor-element elementor-element-e5d7a59\" data-id=\"e5d7a59\" data-element_type=\"column\">\n\t\t\t<div class=\"elementor-widget-wrap elementor-element-populated\">\n\t\t\t\t\t\t\t\t<div class=\"elementor-element elementor-element-8f398cf elementor-widget__width-inherit elementor-widget elementor-widget-text-editor\" data-id=\"8f398cf\" data-element_type=\"widget\" data-widget_type=\"text-editor.default\">\n\t\t\t\t<div class=\"elementor-widget-container\">\n\t\t\t<style>\/*! elementor - v3.7.7 - 20-09-2022 *\/\n.elementor-widget-text-editor.elementor-drop-cap-view-stacked .elementor-drop-cap{background-color:#818a91;color:#fff}.elementor-widget-text-editor.elementor-drop-cap-view-framed .elementor-drop-cap{color:#818a91;border:3px solid;background-color:transparent}.elementor-widget-text-editor:not(.elementor-drop-cap-view-default) .elementor-drop-cap{margin-top:8px}.elementor-widget-text-editor:not(.elementor-drop-cap-view-default) .elementor-drop-cap-letter{width:1em;height:1em}.elementor-widget-text-editor .elementor-drop-cap{float:left;text-align:center;line-height:1;font-size:50px}.elementor-widget-text-editor .elementor-drop-cap-letter{display:inline-block}<\/style>\t\t\t\t<p>Le journal cr\u00e9atif est un journal intime &#8216;Top secret&#8217; qui a pour objectif de favoriser le d\u00e9veloppement g\u00e9n\u00e9ral de la personne , la rencontre avec soi et de se connecter \u00e0 nos ressources profondes pour d\u00e9ployer plus de cr\u00e9ativit\u00e9 dans notre vie. C&#8217;est un guide pour voyager et explorer notre monde int\u00e9rieur qui allie d&#8217;une fa\u00e7on originale le monde de l&#8217;\u00e9criture du dessin et du collage en s\u2019appuyant sur des notions d\u2019art th\u00e9rapie, de psychologie positive et de cr\u00e9ativit\u00e9. Le but n\u2019est pas de faire des \u0153uvres d\u2019art , il suffit juste d\u2019\u00eatre pr\u00eat \u00e0 laisser votre enfant cr\u00e9ateur \u00e0 exprimer ses \u00e9motions ,\u00e0 cr\u00e9er sa vie \u00e0 son image, \u00e0 stimuler son \u00e9nergie de vie \u00e0 clarifier certaines situations \u00e0 prendre des d\u00e9cisions et \u00e0 c\u00e9l\u00e9brer par des actions simples ludiques et nourrissantes. Oserez-vous d\u00e9couvrir cette m\u00e9thode qui pourrait changer votre vie? oui&#8230; Nous avons tous une histoire \u00e0 raconter qui se cache au c\u0153ur de soi permettant de mieux se connaitre et ainsi reconna\u00eetre ce qui a vraiment du sens pour soi dans la vie et s&#8217;offrir un mieux \u00eatre<\/p>\t\t\t\t\t\t<\/div>\n\t\t\t\t<\/div>\n\t\t\t\t\t<\/div>\n\t\t<\/div>\n\t\t\t\t<div class=\"elementor-column elementor-col-50 elementor-top-column elementor-element elementor-element-d404e1c\" data-id=\"d404e1c\" data-element_type=\"column\">\n\t\t\t<div class=\"elementor-widget-wrap elementor-element-populated\">\n\t\t\t\t\t\t\t\t<div class=\"elementor-element elementor-element-59eb91f elementor-widget elementor-widget-image\" data-id=\"59eb91f\" data-element_type=\"widget\" data-widget_type=\"image.default\">\n\t\t\t\t<div class=\"elementor-widget-container\">\n\t\t\t<style>\/*! elementor - v3.7.7 - 20-09-2022 *\/\n.elementor-widget-image{text-align:center}.elementor-widget-image a{display:inline-block}.elementor-widget-image a img[src$=\".svg\"]{width:48px}.elementor-widget-image img{vertical-align:middle;display:inline-block}<\/style>\t\t\t\t\t\t\t\t\t\t\t\t<img loading=\"lazy\" decoding=\"async\" width=\"1024\" height=\"744\" src=\"https:\/\/plumesdanges.fr\/wp-content\/uploads\/2022\/09\/20220803_113749-1024x744.webp\" class=\"attachment-large size-large\" alt=\"\" srcset=\"https:\/\/plumesdanges.fr\/wp-content\/uploads\/2022\/09\/20220803_113749-1024x744.webp 1024w, https:\/\/plumesdanges.fr\/wp-content\/uploads\/2022\/09\/20220803_113749-300x218.webp 300w, https:\/\/plumesdanges.fr\/wp-content\/uploads\/2022\/09\/20220803_113749-768x558.webp 768w, https:\/\/plumesdanges.fr\/wp-content\/uploads\/2022\/09\/20220803_113749-600x436.webp 600w, https:\/\/plumesdanges.fr\/wp-content\/uploads\/2022\/09\/20220803_113749.webp 1106w\" sizes=\"auto, (max-width: 1024px) 100vw, 1024px\" \/>\t\t\t\t\t\t\t\t\t\t\t\t\t\t\t<\/div>\n\t\t\t\t<\/div>\n\t\t\t\t\t<\/div>\n\t\t<\/div>\n\t\t\t\t\t\t\t<\/div>\n\t\t<\/section>\n\t\t\t\t\t\t\t<\/div>\n\t\t","protected":false},"excerpt":{"rendered":"<p>Le journal cr\u00e9atif est un journal intime &#8216;Top secret&#8217; qui a pour objectif de favoriser le d\u00e9veloppement g\u00e9n\u00e9ral de la personne , la rencontre avec soi et de se connecter \u00e0 nos ressources profondes pour d\u00e9ployer plus de cr\u00e9ativit\u00e9 dans notre vie. C&#8217;est un guide pour voyager et explorer notre monde int\u00e9rieur qui allie d&#8217;une fa\u00e7on originale le monde de l&#8217;\u00e9criture du dessin et du collage en s\u2019appuyant sur des notions d\u2019art th\u00e9rapie, de psychologie positive et de cr\u00e9ativit\u00e9. Le but n\u2019est pas de faire des \u0153uvres d\u2019art , il suffit juste d\u2019\u00eatre pr\u00eat \u00e0 laisser votre enfant cr\u00e9ateur \u00e0\u2026<\/p>\n","protected":false},"author":1,"featured_media":0,"parent":0,"menu_order":0,"comment_status":"closed","ping_status":"closed","template":"","meta":{"footnotes":""},"class_list":["post-34","page","type-page","status-publish","hentry"],"blocksy_meta":{"styles_descriptor":{"styles":{"desktop":"","tablet":"","mobile":""},"google_fonts":[],"version":5}},"_links":{"self":[{"href":"https:\/\/plumesdanges.fr\/index.php\/wp-json\/wp\/v2\/pages\/34","targetHints":{"allow":["GET"]}}],"collection":[{"href":"https:\/\/plumesdanges.fr\/index.php\/wp-json\/wp\/v2\/pages"}],"about":[{"href":"https:\/\/plumesdanges.fr\/index.php\/wp-json\/wp\/v2\/types\/page"}],"author":[{"embeddable":true,"href":"https:\/\/plumesdanges.fr\/index.php\/wp-json\/wp\/v2\/users\/1"}],"replies":[{"embeddable":true,"href":"https:\/\/plumesdanges.fr\/index.php\/wp-json\/wp\/v2\/comments?post=34"}],"version-history":[{"count":7,"href":"https:\/\/plumesdanges.fr\/index.php\/wp-json\/wp\/v2\/pages\/34\/revisions"}],"predecessor-version":[{"id":95,"href":"https:\/\/plumesdanges.fr\/index.php\/wp-json\/wp\/v2\/pages\/34\/revisions\/95"}],"wp:attachment":[{"href":"https:\/\/plumesdanges.fr\/index.php\/wp-json\/wp\/v2\/media?parent=34"}],"curies":[{"name":"wp","href":"https:\/\/api.w.org\/{rel}","templated":true}]}}